{"id":11,"date":"2015-08-26T21:24:09","date_gmt":"2015-08-26T20:24:09","guid":{"rendered":"http:\/\/tobi-wiedenmann.de\/?page_id=11"},"modified":"2019-04-15T18:04:32","modified_gmt":"2019-04-15T17:04:32","slug":"teacher","status":"publish","type":"page","link":"https:\/\/tobi-wiedenmann.de\/?page_id=11","title":{"rendered":"teacher"},"content":{"rendered":"<p>Nat\u00fcrlich biete ich auch Schlagzeugunterricht f\u00fcr Interessierte allen Alters an. Seit meiner Zeit als Lehrer hatte ich Sch\u00fcler im Alter von 5 bis 65.<\/p>\n<p>Mein Unterricht wird f\u00fcr jeden Sch\u00fcler je nach W\u00fcnschen und Zielen individuell gestaltet. Zu den Unterrichtszielen geh\u00f6rt in jedem Fall:<\/p>\n<p>-eine gute Spieltechnik<\/p>\n<p>-Spielen der klassischen kleinen Trommel<\/p>\n<p>-Kenntnisse in allen popul\u00e4ren Stilen (Jazz, Rock, Pop, Latin&#8230;)<\/p>\n<p>-gute Notenkenntnisse und Blattspiel<\/p>\n<p>-korrekte Benutzung und Pflege des Instrumentariums<\/p>\n<p>-Stimmen von Trommeln<\/p>\n<p>-Kennenlernen verschiedener Musikstile<\/p>\n<p>-Improvisieren<\/p>\n<p>-das Spielen von \u201elegend\u00e4ren\u201c Grooves und Solos<\/p>\n<p>-Vermittlung der ben\u00f6tigten theoretischen Kenntnisse<\/p>\n<p>-Beratung bei Neu- oder Gebrauchtkauf<\/p>\n<p>-Begleiten der Sch\u00fcler mit Klavier, Gitarre oder Bass um an das Spiel mit einer Band oder einem Ensemble heranzuf\u00fchren<\/p>\n<p>Auf Wunsch:<\/p>\n<p>-Transkribieren<\/p>\n<p>-nach M\u00f6glichkeit Vermittlung an andere Musiker oder Bands<\/p>\n<p>-Vorbereitung auf Aufnahmepr\u00fcfung an Berufsfachschule oder Hochschule in Theorie und Praxis<\/p>\n<p>-Percussion Ensembles<\/p>\n<p>-Informationen und Hilfe bei Selbstbau, Reparatur oder Restauration von Schlaginstrumenten<\/p>\n<p>-Mikrofonierung<\/p>\n","protected":false},"excerpt":{"rendered":"<p>Nat\u00fcrlich biete ich auch Schlagzeugunterricht f\u00fcr Interessierte allen Alters an. Seit meiner Zeit als Lehrer&#8230;<\/p>\n<div class=\"more-link-wrapper\"><a class=\"more-link\" href=\"https:\/\/tobi-wiedenmann.de\/?page_id=11\">Beitrag lesen<span class=\"screen-reader-text\">teacher<\/span><\/a><\/div>\n","protected":false},"author":1,"featured_media":98,"parent":0,"menu_order":4,"comment_status":"closed","ping_status":"closed","template":"","meta":{"iawp_total_views":354,"footnotes":""},"class_list":["post-11","page","type-page","status-publish","has-post-thumbnail","hentry","excerpt","zoom","full-without-featured","even","excerpt-0"],"jetpack_sharing_enabled":true,"_links":{"self":[{"href":"https:\/\/tobi-wiedenmann.de\/index.php?rest_route=\/wp\/v2\/pages\/11","targetHints":{"allow":["GET"]}}],"collection":[{"href":"https:\/\/tobi-wiedenmann.de\/index.php?rest_route=\/wp\/v2\/pages"}],"about":[{"href":"https:\/\/tobi-wiedenmann.de\/index.php?rest_route=\/wp\/v2\/types\/page"}],"author":[{"embeddable":true,"href":"https:\/\/tobi-wiedenmann.de\/index.php?rest_route=\/wp\/v2\/users\/1"}],"replies":[{"embeddable":true,"href":"https:\/\/tobi-wiedenmann.de\/index.php?rest_route=%2Fwp%2Fv2%2Fcomments&post=11"}],"version-history":[{"count":1,"href":"https:\/\/tobi-wiedenmann.de\/index.php?rest_route=\/wp\/v2\/pages\/11\/revisions"}],"predecessor-version":[{"id":12,"href":"https:\/\/tobi-wiedenmann.de\/index.php?rest_route=\/wp\/v2\/pages\/11\/revisions\/12"}],"wp:featuredmedia":[{"embeddable":true,"href":"https:\/\/tobi-wiedenmann.de\/index.php?rest_route=\/wp\/v2\/media\/98"}],"wp:attachment":[{"href":"https:\/\/tobi-wiedenmann.de\/index.php?rest_route=%2Fwp%2Fv2%2Fmedia&parent=11"}],"curies":[{"name":"wp","href":"https:\/\/api.w.org\/{rel}","templated":true}]}}